{"id":408,"date":"2023-03-13T11:24:16","date_gmt":"2023-03-13T10:24:16","guid":{"rendered":"https:\/\/osteoanimalier-jurabernois.ch\/?page_id=408"},"modified":"2023-03-13T11:26:38","modified_gmt":"2023-03-13T10:26:38","slug":"articles","status":"publish","type":"page","link":"https:\/\/osteoanimalier-jurabernois.ch\/?page_id=408","title":{"rendered":"Articles"},"content":{"rendered":"\n<div class=\"wp-block-columns is-layout-flex wp-container-3\">\n<div class=\"wp-block-column is-layout-flow\" style=\"flex-basis:100%\">\n<div class=\"wp-block-group is-layout-constrained\"><div class=\"wp-block-group__inner-container\"><ul class=\"wp-block-latest-posts__list has-dates aligncenter wp-block-latest-posts\"><li><div class=\"wp-block-latest-posts__featured-image alignleft\"><a href=\"https:\/\/osteoanimalier-jurabernois.ch\/?p=400\" aria-label=\"S\u00e9ances d&rsquo;ost\u00e9opathie pour Mia \ud83d\udc31\"><img width=\"225\" height=\"300\" src=\"https:\/\/osteoanimalier-jurabernois.ch\/wp-content\/uploads\/2023\/03\/Mia-225x300.jpg\" class=\"attachment-medium size-medium wp-post-image\" alt=\"\" decoding=\"async\" loading=\"lazy\" style=\"\" srcset=\"https:\/\/osteoanimalier-jurabernois.ch\/wp-content\/uploads\/2023\/03\/Mia-225x300.jpg 225w, https:\/\/osteoanimalier-jurabernois.ch\/wp-content\/uploads\/2023\/03\/Mia-768x1024.jpg 768w, https:\/\/osteoanimalier-jurabernois.ch\/wp-content\/uploads\/2023\/03\/Mia-1152x1536.jpg 1152w, https:\/\/osteoanimalier-jurabernois.ch\/wp-content\/uploads\/2023\/03\/Mia-1140x1520.jpg 1140w, https:\/\/osteoanimalier-jurabernois.ch\/wp-content\/uploads\/2023\/03\/Mia.jpg 1536w\" sizes=\"(max-width: 225px) 100vw, 225px\" \/><\/a><\/div><a class=\"wp-block-latest-posts__post-title\" href=\"https:\/\/osteoanimalier-jurabernois.ch\/?p=400\">S\u00e9ances d&rsquo;ost\u00e9opathie pour Mia \ud83d\udc31<\/a><time datetime=\"2023-03-13T11:13:25+01:00\" class=\"wp-block-latest-posts__post-date\">13 mars 2023<\/time><div class=\"wp-block-latest-posts__post-excerpt\">Mia s&rsquo;est coinc\u00e9e dans une fen\u00eatre entrouverte pendant pratiquement une heure avant d&rsquo;\u00eatre lib\u00e9r\u00e9e par ses propri\u00e9taires ! Suite \u00e0 cela elle a fait un s\u00e9jour chez le v\u00e9t\u00e9rinaire afin de s&rsquo;assurer que ses fonctions vitales n&rsquo;avaient pas \u00e9t\u00e9 touch\u00e9es. Elle a boit\u00e9 fortement du post\u00e9rieur gauche pendant plusieurs semaines, probablement \u00e0 cause d&rsquo;une atteinte du nerf f\u00e9moral.Un suivi ost\u00e9opathique \u00e0 permis \u00e0 Mia de retrouver pleine possession de ses 4 pattes, elle peut \u00e0 nouveau sauter et gambader \u00e0 sa guise ! Ce sch\u00e9ma permet de visualiser la sortie du nerf f\u00e9moral entre les vert\u00e8bres lombaires, zone qui a \u00e9t\u00e9 pinc\u00e9e lorsque Mia \u00e9tait coinc\u00e9e. Source de l&rsquo;image : Robert Barone, Tome 7 Neurologie II (2010)<\/div><\/li>\n<li><div class=\"wp-block-latest-posts__featured-image alignleft\"><a href=\"https:\/\/osteoanimalier-jurabernois.ch\/?p=387\" aria-label=\"Formation de perfectionnement sur la pratique de l&rsquo;ost\u00e9opathie pour les bovins\"><img width=\"300\" height=\"225\" src=\"https:\/\/osteoanimalier-jurabernois.ch\/wp-content\/uploads\/2023\/01\/IMG_4072-300x225.jpg\" class=\"attachment-medium size-medium wp-post-image\" alt=\"\" decoding=\"async\" loading=\"lazy\" style=\"\" srcset=\"https:\/\/osteoanimalier-jurabernois.ch\/wp-content\/uploads\/2023\/01\/IMG_4072-300x225.jpg 300w, https:\/\/osteoanimalier-jurabernois.ch\/wp-content\/uploads\/2023\/01\/IMG_4072-1024x768.jpg 1024w, https:\/\/osteoanimalier-jurabernois.ch\/wp-content\/uploads\/2023\/01\/IMG_4072-768x576.jpg 768w, https:\/\/osteoanimalier-jurabernois.ch\/wp-content\/uploads\/2023\/01\/IMG_4072-1536x1152.jpg 1536w, https:\/\/osteoanimalier-jurabernois.ch\/wp-content\/uploads\/2023\/01\/IMG_4072-2048x1536.jpg 2048w, https:\/\/osteoanimalier-jurabernois.ch\/wp-content\/uploads\/2023\/01\/IMG_4072-1140x855.jpg 1140w\" sizes=\"(max-width: 300px) 100vw, 300px\" \/><\/a><\/div><a class=\"wp-block-latest-posts__post-title\" href=\"https:\/\/osteoanimalier-jurabernois.ch\/?p=387\">Formation de perfectionnement sur la pratique de l&rsquo;ost\u00e9opathie pour les bovins<\/a><time datetime=\"2023-01-28T10:58:34+01:00\" class=\"wp-block-latest-posts__post-date\">28 janvier 2023<\/time><div class=\"wp-block-latest-posts__post-excerpt\">Retour en images sur une formation de deux jours afin de perfectionner ma pratique de l&rsquo;ost\u00e9opathie sur les bovins. Deux jours riches en apprentissages, \u00e9changes et surtout pleins de bonne humeur collective ! Quoi de mieux pour commencer l&rsquo;ann\u00e9e !? Merci \u00e0 l&rsquo;\u00e9quipe d&rsquo;Osteova pour l&rsquo;organisation et \u00e0 Cyril et Sandrine de L&rsquo;\u00e9levage autrement \/Theradrine pour leur accueil \u00e9patant ! Le journal \u00ab\u00a0Le Bien Public\u00a0\u00bb est venu faire un reportage sur la formation, voici le lien vers le d\u00e9but de l&rsquo;article : https:\/\/www.bienpublic.com\/&#8230;\/des-osteopathes&#8230;<\/div><\/li>\n<\/ul><\/div><\/div>\n<\/div>\n<\/div>\n","protected":false},"excerpt":{"rendered":"","protected":false},"author":1,"featured_media":0,"parent":0,"menu_order":0,"comment_status":"closed","ping_status":"closed","template":"","meta":{"om_disable_all_campaigns":false,"_monsterinsights_skip_tracking":false,"_monsterinsights_sitenote_active":false,"_monsterinsights_sitenote_note":"","_monsterinsights_sitenote_category":0},"aioseo_notices":[],"_links":{"self":[{"href":"https:\/\/osteoanimalier-jurabernois.ch\/index.php?rest_route=\/wp\/v2\/pages\/408"}],"collection":[{"href":"https:\/\/osteoanimalier-jurabernois.ch\/index.php?rest_route=\/wp\/v2\/pages"}],"about":[{"href":"https:\/\/osteoanimalier-jurabernois.ch\/index.php?rest_route=\/wp\/v2\/types\/page"}],"author":[{"embeddable":true,"href":"https:\/\/osteoanimalier-jurabernois.ch\/index.php?rest_route=\/wp\/v2\/users\/1"}],"replies":[{"embeddable":true,"href":"https:\/\/osteoanimalier-jurabernois.ch\/index.php?rest_route=%2Fwp%2Fv2%2Fcomments&post=408"}],"version-history":[{"count":2,"href":"https:\/\/osteoanimalier-jurabernois.ch\/index.php?rest_route=\/wp\/v2\/pages\/408\/revisions"}],"predecessor-version":[{"id":412,"href":"https:\/\/osteoanimalier-jurabernois.ch\/index.php?rest_route=\/wp\/v2\/pages\/408\/revisions\/412"}],"wp:attachment":[{"href":"https:\/\/osteoanimalier-jurabernois.ch\/index.php?rest_route=%2Fwp%2Fv2%2Fmedia&parent=408"}],"curies":[{"name":"wp","href":"https:\/\/api.w.org\/{rel}","templated":true}]}}