{"id":29,"date":"2022-10-15T17:09:48","date_gmt":"2022-10-15T15:09:48","guid":{"rendered":"https:\/\/osteoanimalier-jurabernois-ch.preview-domain.com\/?page_id=29"},"modified":"2024-08-16T17:28:30","modified_gmt":"2024-08-16T15:28:30","slug":"osteopathie","status":"publish","type":"page","link":"https:\/\/osteoanimalier-jurabernois.ch\/?page_id=29","title":{"rendered":"Ost\u00e9opathie"},"content":{"rendered":"\n<p>L&rsquo;ost\u00e9opathie est une approche manuelle compl\u00e9mentaire, \u00e0 la fois pr\u00e9ventive et curative. Elle a pour unique but, la restauration et le maintien de l&rsquo;organisme dans un \u00e9tat g\u00e9n\u00e9ral et naturel de bien-\u00eatre. Cette hom\u00e9ostasie est favorable \u00e0 la capacit\u00e9 d&rsquo;auto-gu\u00e9rison et d&rsquo;auto-r\u00e9gulation du corps. Autrement dit, le corps du patient poss\u00e8de toutes les ressources n\u00e9cessaires pour retrouver la sant\u00e9, l\u2019ost\u00e9opathe est uniquement l\u00e0 pour aider l&rsquo;organisme \u00e0 retrouver son \u00e9quilibre.<\/p>\n\n\n\n<div style=\"height:32px\" aria-hidden=\"true\" class=\"wp-block-spacer\"><\/div>\n\n\n\n<div class=\"wp-block-group is-layout-constrained\"><div class=\"wp-block-group__inner-container\">\n<figure class=\"wp-block-gallery has-nested-images columns-default is-cropped wp-block-gallery-1 is-layout-flex\">\n<figure class=\"wp-block-image size-large is-style-default\"><img decoding=\"async\" loading=\"lazy\" width=\"1024\" height=\"683\" src=\"https:\/\/osteoanimalier-jurabernois.ch\/wp-content\/uploads\/2022\/12\/4K2A1353-001-1024x683.jpg\" alt=\"\" class=\"wp-image-271\" srcset=\"https:\/\/osteoanimalier-jurabernois.ch\/wp-content\/uploads\/2022\/12\/4K2A1353-001-1024x683.jpg 1024w, https:\/\/osteoanimalier-jurabernois.ch\/wp-content\/uploads\/2022\/12\/4K2A1353-001-300x200.jpg 300w, https:\/\/osteoanimalier-jurabernois.ch\/wp-content\/uploads\/2022\/12\/4K2A1353-001-768x512.jpg 768w, https:\/\/osteoanimalier-jurabernois.ch\/wp-content\/uploads\/2022\/12\/4K2A1353-001-1536x1024.jpg 1536w, https:\/\/osteoanimalier-jurabernois.ch\/wp-content\/uploads\/2022\/12\/4K2A1353-001-2048x1365.jpg 2048w, https:\/\/osteoanimalier-jurabernois.ch\/wp-content\/uploads\/2022\/12\/4K2A1353-001-1140x760.jpg 1140w\" sizes=\"(max-width: 1024px) 100vw, 1024px\" \/><\/figure>\n<figcaption class=\"blocks-gallery-caption wp-element-caption\"><em>\u00ab La sant\u00e9 est un \u00e9tat de complet bien-\u00eatre physique, mental et social et ne consiste pas seulement en une absence de maladie ou d\u2019infirmit\u00e9s. \u00bb<\/em> (Organisation mondiale de la Sant\u00e9, 1946)<\/figcaption><\/figure>\n\n\n\n<div style=\"height:30px\" aria-hidden=\"true\" class=\"wp-block-spacer\"><\/div>\n\n\n\n<p><strong>Quand faire appel \u00e0 un ost\u00e9opathe ?<\/strong><\/p>\n<\/div><\/div>\n\n\n\n<ul>\n<li><strong>Probl\u00e8mes locomoteurs<\/strong> (boiteries, arthrose, dysplasie, blocage de la rotule, difficult\u00e9s \u00e0 r\u00e9aliser certains mouvements)<\/li>\n\n\n\n<li><strong>Diminution des performances<\/strong> \/ changement de comportement au travail<\/li>\n\n\n\n<li>Suivi apr\u00e8s une <strong>intervention chirurgicale <\/strong>ou une<strong> blessure <\/strong>(fracture, tendinite, hernie discale, ligaments crois\u00e9s, etc.)<\/li>\n\n\n\n<li><strong>Suivi de croissance<\/strong><\/li>\n\n\n\n<li><strong>Reproduction<\/strong> (absence de chaleurs, avant et\/ou apr\u00e8s la mise bas, diminution de la production laiti\u00e8re, avortement)<\/li>\n\n\n\n<li><strong>Troubles digestifs<\/strong> (constipation, diarrh\u00e9e, vomissements r\u00e9p\u00e9titifs, douleur abdominale)<\/li>\n\n\n\n<li><strong>\u00c9motionnel<\/strong> (stress, comportement excessif, anxi\u00e9t\u00e9)<\/li>\n\n\n\n<li><strong>Pr\u00e9vention<\/strong> des diff\u00e9rents troubles cit\u00e9s ci-dessus, ainsi que dans le but d&rsquo;<strong>am\u00e9liorer le bien-\u00eatre<\/strong> de l&rsquo;animal<\/li>\n<\/ul>\n\n\n\n<div style=\"height:11px\" aria-hidden=\"true\" class=\"wp-block-spacer\"><\/div>\n\n\n\n<p class=\"has-vivid-red-color has-text-color\"><strong>NB :<\/strong> <strong>Un soin ost\u00e9opathique ne se substitue en aucun cas \u00e0 un avis v\u00e9t\u00e9rinaire.<\/strong><\/p>\n\n\n\n<div style=\"height:92px\" aria-hidden=\"true\" class=\"wp-block-spacer\"><\/div>\n\n\n\n<hr class=\"wp-block-separator has-alpha-channel-opacity is-style-dots\"\/>\n\n\n\n<div style=\"height:70px\" aria-hidden=\"true\" class=\"wp-block-spacer\"><\/div>\n\n\n\n<p><strong>Formations compl\u00e9mentaires<\/strong><\/p>\n\n\n\n<p>Je continue de me former r\u00e9guli\u00e8rement afin de perfectionner mes acquis et de d\u00e9couvrir de nouvelles techniques \u00e0 proposer \u00e0 vos animaux. Voici les formations auxquelles j&rsquo;ai particip\u00e9es :<\/p>\n\n\n\n<div class=\"wp-block-media-text alignwide is-stacked-on-mobile\"><figure class=\"wp-block-media-text__media\"><img decoding=\"async\" loading=\"lazy\" width=\"550\" height=\"425\" src=\"https:\/\/osteoanimalier-jurabernois.ch\/wp-content\/uploads\/2023\/09\/cheval_500-52d25.jpg\" alt=\"\" class=\"wp-image-427 size-full\" srcset=\"https:\/\/osteoanimalier-jurabernois.ch\/wp-content\/uploads\/2023\/09\/cheval_500-52d25.jpg 550w, https:\/\/osteoanimalier-jurabernois.ch\/wp-content\/uploads\/2023\/09\/cheval_500-52d25-300x232.jpg 300w\" sizes=\"(max-width: 550px) 100vw, 550px\" \/><\/figure><div class=\"wp-block-media-text__content\">\n<p><strong>Le Corps Tens\u00e9gritif<\/strong> (<em>janvier 2022<\/em>)<\/p>\n\n\n\n<p>Permet une approche plus holistique du patient en rendant possible la r\u00e9partition fluide des forces qui s&rsquo;appliquent au sein du corps. <\/p>\n\n\n\n<p>Le concept de corps Tens\u00e9gritif s&rsquo;appuie sur 4 piliers (Tens\u00e9grit\u00e9, Force de traction m\u00e9dullaire, h\u00e9lice fasciale et Mouvement respiratoire primaire r\u00e9sonnant).<\/p>\n<\/div><\/div>\n\n\n\n<div style=\"height:47px\" aria-hidden=\"true\" class=\"wp-block-spacer\"><\/div>\n\n\n\n<div class=\"wp-block-media-text alignwide is-stacked-on-mobile\"><figure class=\"wp-block-media-text__media\"><img decoding=\"async\" loading=\"lazy\" width=\"1024\" height=\"683\" src=\"https:\/\/osteoanimalier-jurabernois.ch\/wp-content\/uploads\/2023\/09\/4K2A0902-1024x683.jpg\" alt=\"\" class=\"wp-image-429 size-full\" srcset=\"https:\/\/osteoanimalier-jurabernois.ch\/wp-content\/uploads\/2023\/09\/4K2A0902-1024x683.jpg 1024w, https:\/\/osteoanimalier-jurabernois.ch\/wp-content\/uploads\/2023\/09\/4K2A0902-300x200.jpg 300w, https:\/\/osteoanimalier-jurabernois.ch\/wp-content\/uploads\/2023\/09\/4K2A0902-768x512.jpg 768w, https:\/\/osteoanimalier-jurabernois.ch\/wp-content\/uploads\/2023\/09\/4K2A0902-1536x1024.jpg 1536w, https:\/\/osteoanimalier-jurabernois.ch\/wp-content\/uploads\/2023\/09\/4K2A0902-2048x1365.jpg 2048w, https:\/\/osteoanimalier-jurabernois.ch\/wp-content\/uploads\/2023\/09\/4K2A0902-1140x760.jpg 1140w\" sizes=\"(max-width: 1024px) 100vw, 1024px\" \/><\/figure><div class=\"wp-block-media-text__content\">\n<p><strong>Perfectionnement sur la pratique de l\u2019ost\u00e9opathie pour les bovins<\/strong> <em>(janvier 2023)<\/em><\/p>\n\n\n\n<p>Lien vers l&rsquo;article <a href=\"https:\/\/osteoanimalier-jurabernois.ch\/?p=387\" target=\"_blank\" rel=\"noopener\" title=\"ici\">ici<\/a>.<\/p>\n<\/div><\/div>\n\n\n\n<div style=\"height:44px\" aria-hidden=\"true\" class=\"wp-block-spacer\"><\/div>\n\n\n\n<div class=\"wp-block-media-text alignwide is-stacked-on-mobile\"><figure class=\"wp-block-media-text__media\"><img decoding=\"async\" loading=\"lazy\" width=\"1024\" height=\"683\" src=\"https:\/\/osteoanimalier-jurabernois.ch\/wp-content\/uploads\/2024\/08\/4K2A1409-1024x683.jpg\" alt=\"\" class=\"wp-image-465 size-full\" srcset=\"https:\/\/osteoanimalier-jurabernois.ch\/wp-content\/uploads\/2024\/08\/4K2A1409-1024x683.jpg 1024w, https:\/\/osteoanimalier-jurabernois.ch\/wp-content\/uploads\/2024\/08\/4K2A1409-300x200.jpg 300w, https:\/\/osteoanimalier-jurabernois.ch\/wp-content\/uploads\/2024\/08\/4K2A1409-768x512.jpg 768w, https:\/\/osteoanimalier-jurabernois.ch\/wp-content\/uploads\/2024\/08\/4K2A1409-1536x1024.jpg 1536w, https:\/\/osteoanimalier-jurabernois.ch\/wp-content\/uploads\/2024\/08\/4K2A1409-2048x1365.jpg 2048w, https:\/\/osteoanimalier-jurabernois.ch\/wp-content\/uploads\/2024\/08\/4K2A1409-1140x760.jpg 1140w\" sizes=\"(max-width: 1024px) 100vw, 1024px\" \/><\/figure><div class=\"wp-block-media-text__content\">\n<p><strong>Suivi de l&rsquo;animal sportif<\/strong>  <em>(d\u00e9cembre 2023)<\/em><\/p>\n\n\n\n<p>Suivre un animal sportif tout au long de sa carri\u00e8re exige une approche diagnostique rigoureuse dans le but de :<\/p>\n\n\n\n<ul>\n<li>pr\u00e9venir les blessures<\/li>\n\n\n\n<li>optimiser les performances<\/li>\n\n\n\n<li>racourcir le temps de r\u00e9cup\u00e9ration apr\u00e8s l&rsquo;effort<\/li>\n\n\n\n<li>construire une prise en charge et un suivi de l&rsquo;animal<\/li>\n<\/ul>\n<\/div><\/div>\n","protected":false},"excerpt":{"rendered":"<p>L&rsquo;ost\u00e9opathie est une approche manuelle compl\u00e9mentaire, \u00e0 la fois pr\u00e9ventive et curative. Elle a pour unique but, la restauration et le maintien de l&rsquo;organisme dans un \u00e9tat g\u00e9n\u00e9ral et naturel de bien-\u00eatre. Cette hom\u00e9ostasie est favorable \u00e0 la capacit\u00e9 d&rsquo;auto-gu\u00e9rison et d&rsquo;auto-r\u00e9gulation du corps. Autrement dit, le corps du patient poss\u00e8de toutes les ressources n\u00e9cessaires pour retrouver la sant\u00e9, l\u2019ost\u00e9opathe est uniquement l\u00e0 pour aider l&rsquo;organisme \u00e0 retrouver son \u00e9quilibre. Quand faire appel \u00e0 un ost\u00e9opathe ? NB : Un soin ost\u00e9opathique ne se substitue en aucun cas \u00e0 un avis v\u00e9t\u00e9rinaire. Formations compl\u00e9mentaires Je continue de me former r\u00e9guli\u00e8rement afin de perfectionner mes acquis et de d\u00e9couvrir de nouvelles techniques \u00e0 proposer \u00e0 vos animaux. Voici les formations auxquelles j&rsquo;ai particip\u00e9es : Le Corps Tens\u00e9gritif (janvier 2022) Permet une approche plus holistique du patient en rendant possible la r\u00e9partition fluide des forces qui s&rsquo;appliquent au sein du corps. Le concept de corps Tens\u00e9gritif s&rsquo;appuie sur 4 piliers (Tens\u00e9grit\u00e9, Force de traction m\u00e9dullaire, h\u00e9lice fasciale et Mouvement respiratoire primaire r\u00e9sonnant). Perfectionnement sur la pratique de l\u2019ost\u00e9opathie pour les bovins (janvier 2023) Lien vers l&rsquo;article ici.<\/p>\n","protected":false},"author":1,"featured_media":0,"parent":0,"menu_order":2,"comment_status":"closed","ping_status":"closed","template":"","meta":{"om_disable_all_campaigns":false,"_monsterinsights_skip_tracking":false,"_monsterinsights_sitenote_active":false,"_monsterinsights_sitenote_note":"","_monsterinsights_sitenote_category":0},"aioseo_notices":[],"_links":{"self":[{"href":"https:\/\/osteoanimalier-jurabernois.ch\/index.php?rest_route=\/wp\/v2\/pages\/29"}],"collection":[{"href":"https:\/\/osteoanimalier-jurabernois.ch\/index.php?rest_route=\/wp\/v2\/pages"}],"about":[{"href":"https:\/\/osteoanimalier-jurabernois.ch\/index.php?rest_route=\/wp\/v2\/types\/page"}],"author":[{"embeddable":true,"href":"https:\/\/osteoanimalier-jurabernois.ch\/index.php?rest_route=\/wp\/v2\/users\/1"}],"replies":[{"embeddable":true,"href":"https:\/\/osteoanimalier-jurabernois.ch\/index.php?rest_route=%2Fwp%2Fv2%2Fcomments&post=29"}],"version-history":[{"count":29,"href":"https:\/\/osteoanimalier-jurabernois.ch\/index.php?rest_route=\/wp\/v2\/pages\/29\/revisions"}],"predecessor-version":[{"id":466,"href":"https:\/\/osteoanimalier-jurabernois.ch\/index.php?rest_route=\/wp\/v2\/pages\/29\/revisions\/466"}],"wp:attachment":[{"href":"https:\/\/osteoanimalier-jurabernois.ch\/index.php?rest_route=%2Fwp%2Fv2%2Fmedia&parent=29"}],"curies":[{"name":"wp","href":"https:\/\/api.w.org\/{rel}","templated":true}]}}