{"id":15,"date":"2022-10-15T14:33:53","date_gmt":"2022-10-15T12:33:53","guid":{"rendered":"http:\/\/osteoanimalier-jurabernois.ch\/?page_id=15"},"modified":"2025-07-29T09:47:29","modified_gmt":"2025-07-29T07:47:29","slug":"contact","status":"publish","type":"page","link":"https:\/\/osteoanimalier-jurabernois.ch\/?page_id=15","title":{"rendered":"Tarifs"},"content":{"rendered":"\n<p style=\"font-size:25px;text-decoration:underline\"><strong><mark style=\"background-color:rgba(0, 0, 0, 0)\" class=\"has-inline-color has-light-green-cyan-color\"><em>Petits animaux :<\/em><\/mark><\/strong><\/p>\n\n\n\n<p class=\"has-medium-font-size\">Les consultations sont possibles au cabinet ou \u00e0 votre domicile, selon vos pr\u00e9f\u00e9rences. Les consultations au cabinet peuvent se faire \u00e0 deux endroits diff\u00e9rents :<\/p>\n\n\n\n<ul>\n<li><strong>Cabinet v\u00e9t\u00e9rinaire du Dessus<\/strong> <em>(Route de Bourrignon 148, 2802 Develier)<\/em> <\/li>\n\n\n\n<li><strong>Cabinet ost\u00e9opathique \u00e0 Court<\/strong> <em>(Rue du Pont 1, 2738 Court)<\/em><\/li>\n<\/ul>\n\n\n\n<div class=\"wp-block-columns is-layout-flex wp-container-7\">\n<div class=\"wp-block-column is-layout-flow\" style=\"flex-basis:100%\">\n<figure class=\"wp-block-table has-medium-font-size\"><table class=\"has-fixed-layout\"><thead><tr><th class=\"has-text-align-center\" data-align=\"center\"><strong>Tarifs au cabinet    <\/strong>     <\/th><th class=\"has-text-align-center\" data-align=\"center\"><strong>Tarifs \u00e0 votre domicile<\/strong><\/th><\/tr><\/thead><tbody><tr><td class=\"has-text-align-center\" data-align=\"center\">Chien : 100.-<br>Chat : 80.-<br>NAC* : 60.-<\/td><td class=\"has-text-align-center\" data-align=\"center\">Chien : 120.-<br>Chat : 100.-<br>NAC* : 80.-<\/td><\/tr><\/tbody><\/table><\/figure>\n\n\n\n<p><em><strong>*<\/strong>Nouveaux animaux de compagnie (lapin, cochon d&rsquo;Inde, furet, reptiles, etc)<\/em><\/p>\n\n\n\n<div class=\"wp-block-group is-layout-flow\"><div class=\"wp-block-group__inner-container\">\n<figure class=\"wp-block-gallery has-nested-images columns-default is-cropped wp-block-gallery-1 is-layout-flex\">\n<figure class=\"wp-block-image size-large\"><img decoding=\"async\" loading=\"lazy\" width=\"1024\" height=\"683\" src=\"https:\/\/osteoanimalier-jurabernois.ch\/wp-content\/uploads\/2022\/12\/4K2A1800-001-1024x683.jpg\" alt=\"\" class=\"wp-image-306\" srcset=\"https:\/\/osteoanimalier-jurabernois.ch\/wp-content\/uploads\/2022\/12\/4K2A1800-001-1024x683.jpg 1024w, https:\/\/osteoanimalier-jurabernois.ch\/wp-content\/uploads\/2022\/12\/4K2A1800-001-300x200.jpg 300w, https:\/\/osteoanimalier-jurabernois.ch\/wp-content\/uploads\/2022\/12\/4K2A1800-001-768x512.jpg 768w, https:\/\/osteoanimalier-jurabernois.ch\/wp-content\/uploads\/2022\/12\/4K2A1800-001-1536x1024.jpg 1536w, https:\/\/osteoanimalier-jurabernois.ch\/wp-content\/uploads\/2022\/12\/4K2A1800-001-2048x1365.jpg 2048w, https:\/\/osteoanimalier-jurabernois.ch\/wp-content\/uploads\/2022\/12\/4K2A1800-001-1140x760.jpg 1140w\" sizes=\"(max-width: 1024px) 100vw, 1024px\" \/><\/figure>\n\n\n\n<figure class=\"wp-block-image size-large\"><img decoding=\"async\" loading=\"lazy\" width=\"1024\" height=\"683\" src=\"https:\/\/osteoanimalier-jurabernois.ch\/wp-content\/uploads\/2022\/12\/4K2A1639-1024x683.jpg\" alt=\"\" class=\"wp-image-296\" srcset=\"https:\/\/osteoanimalier-jurabernois.ch\/wp-content\/uploads\/2022\/12\/4K2A1639-1024x683.jpg 1024w, https:\/\/osteoanimalier-jurabernois.ch\/wp-content\/uploads\/2022\/12\/4K2A1639-300x200.jpg 300w, https:\/\/osteoanimalier-jurabernois.ch\/wp-content\/uploads\/2022\/12\/4K2A1639-768x512.jpg 768w, https:\/\/osteoanimalier-jurabernois.ch\/wp-content\/uploads\/2022\/12\/4K2A1639-1536x1024.jpg 1536w, https:\/\/osteoanimalier-jurabernois.ch\/wp-content\/uploads\/2022\/12\/4K2A1639-2048x1365.jpg 2048w, https:\/\/osteoanimalier-jurabernois.ch\/wp-content\/uploads\/2022\/12\/4K2A1639-1140x760.jpg 1140w\" sizes=\"(max-width: 1024px) 100vw, 1024px\" \/><\/figure>\n\n\n\n<figure class=\"wp-block-image size-large\"><img decoding=\"async\" loading=\"lazy\" width=\"2560\" height=\"2560\" src=\"https:\/\/osteoanimalier-jurabernois.ch\/wp-content\/uploads\/2022\/12\/4K2A1064-edited-scaled.jpg\" alt=\"\" class=\"wp-image-372\" srcset=\"https:\/\/osteoanimalier-jurabernois.ch\/wp-content\/uploads\/2022\/12\/4K2A1064-edited-scaled.jpg 2560w, https:\/\/osteoanimalier-jurabernois.ch\/wp-content\/uploads\/2022\/12\/4K2A1064-edited-300x300.jpg 300w, https:\/\/osteoanimalier-jurabernois.ch\/wp-content\/uploads\/2022\/12\/4K2A1064-edited-1024x1024.jpg 1024w, https:\/\/osteoanimalier-jurabernois.ch\/wp-content\/uploads\/2022\/12\/4K2A1064-edited-150x150.jpg 150w, https:\/\/osteoanimalier-jurabernois.ch\/wp-content\/uploads\/2022\/12\/4K2A1064-edited-768x768.jpg 768w, https:\/\/osteoanimalier-jurabernois.ch\/wp-content\/uploads\/2022\/12\/4K2A1064-edited-1536x1536.jpg 1536w, https:\/\/osteoanimalier-jurabernois.ch\/wp-content\/uploads\/2022\/12\/4K2A1064-edited-2048x2048.jpg 2048w, https:\/\/osteoanimalier-jurabernois.ch\/wp-content\/uploads\/2022\/12\/4K2A1064-edited-1140x1139.jpg 1140w, https:\/\/osteoanimalier-jurabernois.ch\/wp-content\/uploads\/2022\/12\/4K2A1064-edited-75x75.jpg 75w\" sizes=\"(max-width: 2560px) 100vw, 2560px\" \/><\/figure>\n<\/figure>\n\n\n\n<p class=\"has-small-font-size\"><em>Les rendez-vous non annul\u00e9s 24 heures \u00e0 l\u2019avance seront factur\u00e9s.<\/em><br><em>Les consultations se payent comptant \u00e0 la fin de la s\u00e9ance (twint accept\u00e9).<\/em><\/p>\n\n\n\n<div style=\"height:24px\" aria-hidden=\"true\" class=\"wp-block-spacer\"><\/div>\n\n\n\n<p class=\"has-black-color has-text-color\" style=\"font-size:25px;font-style:italic;font-weight:500;text-decoration:underline\"><strong><mark style=\"background-color:rgba(0, 0, 0, 0)\" class=\"has-inline-color has-light-green-cyan-color\">Grands animaux :<\/mark><\/strong><\/p>\n\n\n\n<p class=\"has-medium-font-size\" style=\"font-style:italic;font-weight:500\">Cheval : 130.-<br>Bovins : 100.-<\/p>\n\n\n\n<figure class=\"wp-block-gallery has-nested-images columns-default is-cropped wp-block-gallery-3 is-layout-flex\">\n<figure class=\"wp-block-image size-large\"><img decoding=\"async\" loading=\"lazy\" width=\"2560\" height=\"2560\" src=\"https:\/\/osteoanimalier-jurabernois.ch\/wp-content\/uploads\/2022\/12\/4K2A1429-edited-1-scaled.jpg\" alt=\"\" class=\"wp-image-369\" srcset=\"https:\/\/osteoanimalier-jurabernois.ch\/wp-content\/uploads\/2022\/12\/4K2A1429-edited-1-scaled.jpg 2560w, https:\/\/osteoanimalier-jurabernois.ch\/wp-content\/uploads\/2022\/12\/4K2A1429-edited-1-300x300.jpg 300w, https:\/\/osteoanimalier-jurabernois.ch\/wp-content\/uploads\/2022\/12\/4K2A1429-edited-1-1024x1024.jpg 1024w, https:\/\/osteoanimalier-jurabernois.ch\/wp-content\/uploads\/2022\/12\/4K2A1429-edited-1-150x150.jpg 150w, https:\/\/osteoanimalier-jurabernois.ch\/wp-content\/uploads\/2022\/12\/4K2A1429-edited-1-768x768.jpg 768w, https:\/\/osteoanimalier-jurabernois.ch\/wp-content\/uploads\/2022\/12\/4K2A1429-edited-1-1536x1536.jpg 1536w, https:\/\/osteoanimalier-jurabernois.ch\/wp-content\/uploads\/2022\/12\/4K2A1429-edited-1-2048x2048.jpg 2048w, https:\/\/osteoanimalier-jurabernois.ch\/wp-content\/uploads\/2022\/12\/4K2A1429-edited-1-1140x1139.jpg 1140w, https:\/\/osteoanimalier-jurabernois.ch\/wp-content\/uploads\/2022\/12\/4K2A1429-edited-1-75x75.jpg 75w\" sizes=\"(max-width: 2560px) 100vw, 2560px\" \/><\/figure>\n\n\n\n<figure class=\"wp-block-image size-large\"><img decoding=\"async\" loading=\"lazy\" width=\"1024\" height=\"683\" src=\"https:\/\/osteoanimalier-jurabernois.ch\/wp-content\/uploads\/2022\/12\/4K2A0908-1024x683.jpg\" alt=\"\" class=\"wp-image-236\" srcset=\"https:\/\/osteoanimalier-jurabernois.ch\/wp-content\/uploads\/2022\/12\/4K2A0908-1024x683.jpg 1024w, https:\/\/osteoanimalier-jurabernois.ch\/wp-content\/uploads\/2022\/12\/4K2A0908-300x200.jpg 300w, https:\/\/osteoanimalier-jurabernois.ch\/wp-content\/uploads\/2022\/12\/4K2A0908-768x512.jpg 768w, https:\/\/osteoanimalier-jurabernois.ch\/wp-content\/uploads\/2022\/12\/4K2A0908-1536x1024.jpg 1536w, https:\/\/osteoanimalier-jurabernois.ch\/wp-content\/uploads\/2022\/12\/4K2A0908-2048x1365.jpg 2048w, https:\/\/osteoanimalier-jurabernois.ch\/wp-content\/uploads\/2022\/12\/4K2A0908-1140x760.jpg 1140w\" sizes=\"(max-width: 1024px) 100vw, 1024px\" \/><\/figure>\n\n\n\n<figure class=\"wp-block-image size-large\"><img decoding=\"async\" loading=\"lazy\" width=\"1024\" height=\"684\" src=\"https:\/\/osteoanimalier-jurabernois.ch\/wp-content\/uploads\/2022\/12\/4K2A1257-001-1024x684.jpg\" alt=\"\" class=\"wp-image-261\" srcset=\"https:\/\/osteoanimalier-jurabernois.ch\/wp-content\/uploads\/2022\/12\/4K2A1257-001-1024x684.jpg 1024w, https:\/\/osteoanimalier-jurabernois.ch\/wp-content\/uploads\/2022\/12\/4K2A1257-001-300x200.jpg 300w, https:\/\/osteoanimalier-jurabernois.ch\/wp-content\/uploads\/2022\/12\/4K2A1257-001-768x513.jpg 768w, https:\/\/osteoanimalier-jurabernois.ch\/wp-content\/uploads\/2022\/12\/4K2A1257-001-1536x1025.jpg 1536w, https:\/\/osteoanimalier-jurabernois.ch\/wp-content\/uploads\/2022\/12\/4K2A1257-001-2048x1367.jpg 2048w, https:\/\/osteoanimalier-jurabernois.ch\/wp-content\/uploads\/2022\/12\/4K2A1257-001-1140x761.jpg 1140w\" sizes=\"(max-width: 1024px) 100vw, 1024px\" \/><\/figure>\n<\/figure>\n<\/div><\/div>\n<\/div>\n<\/div>\n\n\n\n<p class=\"has-small-font-size\"><em>Les rendez-vous non annul\u00e9s 24 heures \u00e0 l\u2019avance seront factur\u00e9s.<\/em><br><em>Les consultations se payent comptant \u00e0 la fin de la s\u00e9ance (twint accept\u00e9).<\/em><\/p>\n\n\n\n<div style=\"height:38px\" aria-hidden=\"true\" class=\"wp-block-spacer\"><\/div>\n\n\n\n<p style=\"font-size:25px;font-style:normal;font-weight:900;text-decoration:underline\"><strong>D\u00e9placements<\/strong><\/p>\n\n\n\n<div class=\"wp-block-group is-layout-constrained\"><div class=\"wp-block-group__inner-container\">\n<div class=\"wp-block-group is-layout-constrained\"><div class=\"wp-block-group__inner-container\">\n<div class=\"wp-block-group is-layout-constrained\"><div class=\"wp-block-group__inner-container\">\n<div class=\"wp-block-group is-layout-constrained\"><div class=\"wp-block-group__inner-container\">\n<div class=\"wp-block-group is-vertical is-layout-flex wp-container-8\">\n<p class=\"has-medium-font-size\" style=\"font-style:normal;font-weight:400\">Les 15 premiers kilom\u00e8tres sont o<em>fferts, puis CHF 0.80 par km (calcul\u00e9s \u00e0 partir de Develier). <\/em><\/p>\n\n\n\n<p class=\"has-medium-font-size\" style=\"font-style:normal;font-weight:400\">Une <strong>r\u00e9duction<\/strong> du tarif est possible <strong>d\u00e8s 3 animaux r\u00e9unis<\/strong> au m\u00eame endroit. <\/p>\n<\/div>\n<\/div><\/div>\n<\/div><\/div>\n<\/div><\/div>\n<\/div><\/div>\n","protected":false},"excerpt":{"rendered":"<p>Petits animaux : Les consultations sont possibles au cabinet ou \u00e0 votre domicile, selon vos pr\u00e9f\u00e9rences. Les consultations au cabinet peuvent se faire \u00e0 deux endroits diff\u00e9rents : Tarifs au cabinet Tarifs \u00e0 votre domicile Chien : 100.-Chat : 80.-NAC* : 60.- Chien : 120.-Chat : 100.-NAC* : 80.- *Nouveaux animaux de compagnie (lapin, cochon d&rsquo;Inde, furet, reptiles, etc) Les rendez-vous non annul\u00e9s 24 heures \u00e0 l\u2019avance seront factur\u00e9s.Les consultations se payent comptant \u00e0 la fin de la s\u00e9ance (twint accept\u00e9). Grands animaux : Cheval : 130.-Bovins : 100.- Les rendez-vous non annul\u00e9s 24 heures \u00e0 l\u2019avance seront factur\u00e9s.Les consultations se payent comptant \u00e0 la fin de la s\u00e9ance (twint accept\u00e9). D\u00e9placements Les 15 premiers kilom\u00e8tres sont offerts, puis CHF 0.80 par km (calcul\u00e9s \u00e0 partir de Develier). Une r\u00e9duction du tarif est possible d\u00e8s 3 animaux r\u00e9unis au m\u00eame endroit.<\/p>\n","protected":false},"author":1,"featured_media":0,"parent":0,"menu_order":4,"comment_status":"closed","ping_status":"closed","template":"","meta":{"om_disable_all_campaigns":false,"_monsterinsights_skip_tracking":false,"_monsterinsights_sitenote_active":false,"_monsterinsights_sitenote_note":"","_monsterinsights_sitenote_category":0},"aioseo_notices":[],"_links":{"self":[{"href":"https:\/\/osteoanimalier-jurabernois.ch\/index.php?rest_route=\/wp\/v2\/pages\/15"}],"collection":[{"href":"https:\/\/osteoanimalier-jurabernois.ch\/index.php?rest_route=\/wp\/v2\/pages"}],"about":[{"href":"https:\/\/osteoanimalier-jurabernois.ch\/index.php?rest_route=\/wp\/v2\/types\/page"}],"author":[{"embeddable":true,"href":"https:\/\/osteoanimalier-jurabernois.ch\/index.php?rest_route=\/wp\/v2\/users\/1"}],"replies":[{"embeddable":true,"href":"https:\/\/osteoanimalier-jurabernois.ch\/index.php?rest_route=%2Fwp%2Fv2%2Fcomments&post=15"}],"version-history":[{"count":36,"href":"https:\/\/osteoanimalier-jurabernois.ch\/index.php?rest_route=\/wp\/v2\/pages\/15\/revisions"}],"predecessor-version":[{"id":478,"href":"https:\/\/osteoanimalier-jurabernois.ch\/index.php?rest_route=\/wp\/v2\/pages\/15\/revisions\/478"}],"wp:attachment":[{"href":"https:\/\/osteoanimalier-jurabernois.ch\/index.php?rest_route=%2Fwp%2Fv2%2Fmedia&parent=15"}],"curies":[{"name":"wp","href":"https:\/\/api.w.org\/{rel}","templated":true}]}}