{"id":10,"date":"2022-10-15T14:22:13","date_gmt":"2022-10-15T12:22:13","guid":{"rendered":"http:\/\/osteoanimalier-jurabernois.ch\/?page_id=10"},"modified":"2024-08-16T17:13:43","modified_gmt":"2024-08-16T15:13:43","slug":"bienvenue","status":"publish","type":"page","link":"https:\/\/osteoanimalier-jurabernois.ch\/","title":{"rendered":"Bienvenue dans mon univers,"},"content":{"rendered":"\n<p>Je propose des soins ost\u00e9opathiques pour vos animaux (chevaux, chiens, chats, bovins et NAC). Je me d\u00e9place principalement dans le Jura et le Jura-bernois. Les consultations pour les petits animaux se font au cabinet (Court ou Develier) ou \u00e0 domicile.<\/p>\n\n\n\n<div class=\"wp-block-media-text alignfull is-stacked-on-mobile is-vertically-aligned-center is-image-fill\"><figure class=\"wp-block-media-text__media\" style=\"background-image:url(https:\/\/osteoanimalier-jurabernois.ch\/wp-content\/uploads\/2022\/11\/4K2A1535-1024x683.jpg);background-position:58% 50%\"><img decoding=\"async\" loading=\"lazy\" width=\"1024\" height=\"683\" src=\"https:\/\/osteoanimalier-jurabernois.ch\/wp-content\/uploads\/2022\/11\/4K2A1535-1024x683.jpg\" alt=\"\" class=\"wp-image-89 size-full\" srcset=\"https:\/\/osteoanimalier-jurabernois.ch\/wp-content\/uploads\/2022\/11\/4K2A1535-1024x683.jpg 1024w, https:\/\/osteoanimalier-jurabernois.ch\/wp-content\/uploads\/2022\/11\/4K2A1535-300x200.jpg 300w, https:\/\/osteoanimalier-jurabernois.ch\/wp-content\/uploads\/2022\/11\/4K2A1535-768x512.jpg 768w, https:\/\/osteoanimalier-jurabernois.ch\/wp-content\/uploads\/2022\/11\/4K2A1535-1536x1024.jpg 1536w, https:\/\/osteoanimalier-jurabernois.ch\/wp-content\/uploads\/2022\/11\/4K2A1535-2048x1365.jpg 2048w, https:\/\/osteoanimalier-jurabernois.ch\/wp-content\/uploads\/2022\/11\/4K2A1535-450x300.jpg 450w\" sizes=\"(max-width: 1024px) 100vw, 1024px\" \/><\/figure><div class=\"wp-block-media-text__content\">\n<div style=\"height:24px\" aria-hidden=\"true\" class=\"wp-block-spacer\"><\/div>\n\n\n\n<p class=\"has-text-align-center\"><strong>Qui suis-je ?<\/strong><\/p>\n\n\n\n<p class=\"has-text-align-center\">L\u2019ost\u00e9opathie est plus qu\u2019une simple technique ou une profession, c\u2019est un art d\u2019\u00eatre et de vivre. Il n\u2019y a pas de rupture entre le moment o\u00f9 l\u2019on devient ost\u00e9opathe et le moment o\u00f9 l\u2019on est ost\u00e9opathe. Apporter mon aide et soigner autrui a toujours fait partie de mes id\u00e9aux. Lorsque j\u2019ai d\u00e9couvert l\u2019ost\u00e9opathie animale et ses bienfaits, cela m\u2019a sembl\u00e9 une \u00e9vidence. Cette approche th\u00e9rapeutique correspond parfaitement \u00e0 la mani\u00e8re dont je souhaite aider les patients, en \u00e9coutant et en soignant gr\u00e2ce \u00e0 mes mains et \u00e0 ma perception.<br>Dipl\u00f4m\u00e9e, apr\u00e8s cinq ann\u00e9es d&rsquo;\u00e9tudes au sein de l&rsquo;<a href=\"https:\/\/ifoa.fr\/\" target=\"_blank\" rel=\"noreferrer noopener\">Institut de Formation d&rsquo;Ost\u00e9opathes Animaliers<\/a>, je suis ravie de pouvoir prendre soin de vos prot\u00e9g\u00e9s.<\/p>\n<\/div><\/div>\n","protected":false},"excerpt":{"rendered":"<p>Je propose des soins ost\u00e9opathiques pour vos animaux (chevaux, chiens, chats, bovins et NAC). Je me d\u00e9place principalement dans le Jura et le Jura-bernois. Les consultations pour les petits animaux se font au cabinet (Court ou Develier) ou \u00e0 domicile.<\/p>\n","protected":false},"author":1,"featured_media":0,"parent":0,"menu_order":1,"comment_status":"closed","ping_status":"closed","template":"","meta":{"om_disable_all_campaigns":false,"_monsterinsights_skip_tracking":false,"_monsterinsights_sitenote_active":false,"_monsterinsights_sitenote_note":"","_monsterinsights_sitenote_category":0},"aioseo_notices":[],"_links":{"self":[{"href":"https:\/\/osteoanimalier-jurabernois.ch\/index.php?rest_route=\/wp\/v2\/pages\/10"}],"collection":[{"href":"https:\/\/osteoanimalier-jurabernois.ch\/index.php?rest_route=\/wp\/v2\/pages"}],"about":[{"href":"https:\/\/osteoanimalier-jurabernois.ch\/index.php?rest_route=\/wp\/v2\/types\/page"}],"author":[{"embeddable":true,"href":"https:\/\/osteoanimalier-jurabernois.ch\/index.php?rest_route=\/wp\/v2\/users\/1"}],"replies":[{"embeddable":true,"href":"https:\/\/osteoanimalier-jurabernois.ch\/index.php?rest_route=%2Fwp%2Fv2%2Fcomments&post=10"}],"version-history":[{"count":32,"href":"https:\/\/osteoanimalier-jurabernois.ch\/index.php?rest_route=\/wp\/v2\/pages\/10\/revisions"}],"predecessor-version":[{"id":462,"href":"https:\/\/osteoanimalier-jurabernois.ch\/index.php?rest_route=\/wp\/v2\/pages\/10\/revisions\/462"}],"wp:attachment":[{"href":"https:\/\/osteoanimalier-jurabernois.ch\/index.php?rest_route=%2Fwp%2Fv2%2Fmedia&parent=10"}],"curies":[{"name":"wp","href":"https:\/\/api.w.org\/{rel}","templated":true}]}}